{"id":696,"date":"2019-12-17T09:08:22","date_gmt":"2019-12-17T09:08:22","guid":{"rendered":"http:\/\/www.qualitatdemocratica.cat\/?page_id=696"},"modified":"2019-12-17T09:11:46","modified_gmt":"2019-12-17T09:11:46","slug":"avis-legal","status":"publish","type":"page","link":"https:\/\/www.qualitatdemocratica.cat\/?page_id=696","title":{"rendered":"Av\u00eds Legal"},"content":{"rendered":"\n<p>El present Av\u00eds\nLegal estableix les condicions d\u2019\u00fas de la P\u00e0gina Web&nbsp;<a href=\"http:\/\/www.qualitatdemocratica.cat\">www.qualitatdemocratica.cat<\/a>&nbsp;&nbsp;(d\u2019ara endavant la P\u00e0gina Web). La\nutilitzaci\u00f3 de la mateixa atribueix al navegant la condici\u00f3 d\u2019Usuari, la qual\ncosa implica l\u2019adhesi\u00f3 i comprom\u00eds de compliment de totes i cadascuna de les\ncondicions contingudes en aquest Av\u00eds Legal, en la versi\u00f3 publicada al moment\nen qu\u00e8 s\u2019accedeixi al mateix, per la qual cosa es recomana a l\u2019Usuari llegir\naquest Av\u00eds Legal atentament cada vegada que accedeixi a la P\u00e0gina Web.\nAquestes Condicions seran aplicables amb independ\u00e8ncia de l\u2019exist\u00e8ncia d\u2019altres\ncondicions espec\u00edfiques aplicables a determinats serveis que es prestin a la\nP\u00e0gina Web.<\/p>\n\n\n\n<p><strong>Dades\nidentificatives del prestador de serveis.<\/strong><\/p>\n\n\n\n<p>Denominaci\u00f3\nCecot, (d\u2019ara endavant Cecot)<\/p>\n\n\n\n<p>Domicili: C\/ Sant\nPau, n\u00fam. 6, 08221, Terrassa, Barcelona<\/p>\n\n\n\n<p>CIF: G-58195686<\/p>\n\n\n\n<p>Associaci\u00f3\nconstitu\u00efda en data 06\/04\/1978 segons estatuts registrats amb el n\u00famero\n967900043 en l\u2019Oficina P\u00fablica de dip\u00f2sit d\u2019estatuts d\u2019associacions sindicals i\nempresarials de la Direcci\u00f3 General de Relacions Laborals i Qualitat en el\nTreball de la Generalitat de Catalunya<\/p>\n\n\n\n<p>Contacte: Cecot\nagraeix anticipadament tota classe de suggeriments, rectificacions o comentaris\nque contribueixin a evitar o esmenar qualsevol tipus d\u2019incid\u00e8ncia o\nirregularitat a la P\u00e0gina Web de la manera m\u00e9s r\u00e0pida i eficient possible. Tals\ncomunicacions es poden enviar per e-mail&nbsp;<a href=\"mailto:info@cecot.org\">info@cecot.org<\/a>.<\/p>\n\n\n\n<p><strong>Termes i condicions\nd\u2019\u00fas.<\/strong><\/p>\n\n\n\n<p>Els termes i\ncondicions recollits en el present Av\u00eds Legal seran aplicable a totes aquelles\np\u00e0gines que figuren dins del Mapa del Lloc, que s\u00f3n les \u00faniques compreses en\naquesta P\u00e0gina Web.<\/p>\n\n\n\n<p>L\u2019acc\u00e9s a aquesta\nP\u00e0gina Web \u00e9s responsabilitat exclusiva dels Usuaris i suposa acceptar els\npresents termes i condicions d\u2019\u00fas. La utilitzaci\u00f3 de determinats serveis\nimplicar\u00e0 aix\u00ed mateix l\u2019acceptaci\u00f3, sense reserva alguna, de les normes\nparticulars o instruccions que Cecot pogu\u00e9s establir a qualsevol moment amb\ncar\u00e0cter espec\u00edfic, substitutiu o complementari al de les presents condicions\ngenerals.<\/p>\n\n\n\n<p>L\u2019Usuari ha de\nrealitzar un \u00fas l\u00edcit de la present P\u00e0gina Web i els seus serveis d\u2019acord als\npresents termes i condicions d\u2019\u00fas i a la legalitat vigent.<\/p>\n\n\n\n<p>Cecot podr\u00e0\nmodificar unilateralment els termes i condicions d\u2019\u00fas d\u2019aquesta P\u00e0gina Web\nmitjan\u00e7ant la seva publicaci\u00f3 en aquest av\u00eds legal, i produiran efectes des del\nmateix moment de la seva publicaci\u00f3.<\/p>\n\n\n\n<p><strong>Navegaci\u00f3.<\/strong><\/p>\n\n\n\n<p>Tot i havent\nadoptat les mesures t\u00e8cniques al seu abast, Cecot no es responsabilitza ni\ngaranteix que l\u2019acc\u00e9s a la P\u00e0gina Web sigui ininterromput o que estigui lliure\nd\u2019error. Tampoc es responsabilitza o garanteix que el contingut o programari al\nque pugui accedir-se a trav\u00e9s de la P\u00e0gina Web, estigui lliure d\u2019error o causi\nun dany. En cap cas, Cecot ser\u00e0 responsable per les p\u00e8rdues, danys o perjudicis\nde qualsevol tipus que sorgeixin per l\u2019acc\u00e9s i navegaci\u00f3 per la P\u00e0gina Web,\nincloent-se, per\u00f2 no limitant-se, als ocasionats als sistemes inform\u00e0tics o els\nprovocats per la introducci\u00f3 de virus.<\/p>\n\n\n\n<p>Cecot no es fa\nresponsable dels danys que poguessin ocasionar-se als Usuaris per un \u00fas\ninadequat de la P\u00e0gina Web. En particular, no es fa responsable de cap manera\nde les caigudes, interrupcions, falta o defecte de les telecomunicacions que\npoguessin oc\u00f3rrer mentre l\u2019Usuari navega per ella.<\/p>\n\n\n\n<p><strong>Acc\u00e9s i seguretat<\/strong>.<\/p>\n\n\n\n<p>L\u2019acc\u00e9s als\nserveis transaccionals i aquells que inclouen la captura de dades personals es\nrealitza en un entorn segur utilitzant protocol SSL (Secure Socker Layer) de\n128 bits. El servidor segur estableix una connexi\u00f3 de manera que la informaci\u00f3\nes transmet xifrada. Aix\u00f2 assegura que el contingut transm\u00e8s \u00e9s nom\u00e9s\nintel\u00b7ligible per a l\u2019ordinador client i el servidor de Cecot. L\u2019Usuari pot\ncomprovar que es troba dins d\u2019un entorn segur si en la barra d\u2019estat del seu\nnavegador apareix un cadenat tancat. La garantia de seguretat dels nostres\nservidors ve recolzada per un certificat expedit el nostre prove\u00efdor de serveis\nWeb. Aquest certificat garanteix que el client est\u00e0 comunicant les seves dades\na un servidor de Cecot i no a un tercer que intent\u00e9s fer-se passar per aquesta.<\/p>\n\n\n\n<p><strong>Continguts.<\/strong><\/p>\n\n\n\n<p>Cecot realitza\nels m\u00e0xims esfor\u00e7os per evitar qualsevol error en els continguts que poguessin\napar\u00e8ixer a la P\u00e0gina Web.<\/p>\n\n\n\n<p>Cecot no garanteix,\nni es responsabilitza de les conseq\u00fc\u00e8ncies que poguessin derivar-se dels errors\nen els continguts que poguessin apar\u00e8ixer a la P\u00e0gina Web.<\/p>\n\n\n\n<p><strong>Actualitat i\nModificacions a la P\u00e0gina Web.<\/strong><\/p>\n\n\n\n<p>La informaci\u00f3 que\napareix a la P\u00e0gina Web \u00e9s la vigent en la data de la seva \u00faltima\nactualitzaci\u00f3. Cecot no es fa responsable de l\u2019actualitat i idone\u00eftat de les\ninformacions contingudes en la mateixa.<\/p>\n\n\n\n<p>No es podr\u00e0\nalterar, canviar, modificar, o adaptar la P\u00e0gina Web per part de l\u2019Usuari.\nCecot es reserva la facultat d\u2019efectuar quantes actualitzacions, canvis i\nmodificacions estimi convenients, podent fer \u00fas de tal facultat a qualsevol\nmoment i sense previ av\u00eds.<\/p>\n\n\n\n<p><strong>Blog i F\u00f2rums\nd\u2019Opini\u00f3.<\/strong><\/p>\n\n\n\n<p>Els missatges,\ncomentaris, dades o opinions abocades en el Blog o f\u00f2rums d\u2019opini\u00f3 que puguin\nhabilitar-se a la P\u00e0gina Web s\u00f3n emmagatzemats tal qual, per a l\u2019\u00fanic servei al\nque estan destinats, que \u00e9s el d\u2019informar, opinar i servir de contacte entre\nUsuaris. Cecot no es fa responsable ni s\u2019identifica amb els comentaris o\nopinions abocades en els f\u00f2rums per part de cap Usuari.<\/p>\n\n\n\n<p>No s\u2019admetran\nintervencions en el Blog o en els f\u00f2rums amb refer\u00e8ncies a temes racistes o\nsexistes, ni s\u2019admetr\u00e0 cap intervenci\u00f3 que derivi en aspectes personals, ja\nsigui mitjan\u00e7ant insults, comentaris, cr\u00edtiques no constructives o meres\nal\u00b7lusions que puguin atemptar contra el dret a la privadesa dels Usuaris\nd\u2019aquesta web o de persones o entitats alienes a ella. Qualsevol Usuari podr\u00e0\ninformar de l\u2019exist\u00e8ncia d\u2019aquest tipus d\u2019intervencions informant en&nbsp;<a href=\"mailto:info@cecot.org\">info@cecot.org<\/a>.<\/p>\n\n\n\n<p>No est\u00e0 perm\u00e8s\nfer \u00fas del Blog o f\u00f2rum per realitzar spam, publicitat&nbsp;<em>off-topic,<\/em>&nbsp;captar\nadreces d\u2019e-mail o qualsevol tipus d\u2019acci\u00f3 il\u00b7legal.<\/p>\n\n\n\n<p>La\nresponsabilitat sobre la informaci\u00f3 i sobre les activitats dutes a terme en el\nf\u00f2rum s\u00f3n exclusivament de l\u2019Usuari, eximint a Cecot de qualsevol\nresponsabilitat que tinguin origen en les mateixes si aquestes s\u00f3n il\u00b7l\u00edcites o\nlesionen b\u00e9ns o drets d\u2019un tercer. Cecot es reserva el dret d\u2019anul\u00b7lar, cancel\u00b7lar,\nesborrar qualsevol comentari o denegar l\u2019acc\u00e9s a qualsevol Usuari que\nincompleixi aquesta normativa o sigui il\u00b7legal. No obstant aix\u00f2, de conformitat\namb l\u2019article 16 de la Llei 34\/2002, d\u201911 de juliol, de Serveis de la Societat\nde la Informaci\u00f3 i de Comer\u00e7 Electr\u00f2nic, Cecot no \u00e9s responsable per la\ninformaci\u00f3 o comentaris inclosos pels Usuaris.<\/p>\n\n\n\n<p>Quan Cecot tingui\nconeixement efectiu que l\u2019activitat o la informaci\u00f3 emmagatzemada \u00e9s il\u00b7l\u00edcita\no que lesiona b\u00e9ns o drets d\u2019un tercer els retirar\u00e0 de manera immediata.<\/p>\n\n\n\n<p>Est\u00e0 prohibida la\nreproducci\u00f3 dels continguts del Blog o f\u00f2rum d\u2019opini\u00f3 sense pr\u00e8via\nautoritzaci\u00f3.<\/p>\n\n\n\n<p><strong>Propietat\nIntel\u00b7lectual i Industrial.<\/strong><\/p>\n\n\n\n<p>Aquesta P\u00e0gina\nWeb, el seu codi font i els continguts que es troben protegits per la Llei de\nPropietat Intel\u00b7lectual. No podran ser objecte d\u2019explotaci\u00f3, reproducci\u00f3,\ndistribuci\u00f3, modificaci\u00f3, comunicaci\u00f3 p\u00fablica, cessi\u00f3 o transformaci\u00f3, tret que\nintervingui autoritzaci\u00f3 expressa dels titulars dels drets.<\/p>\n\n\n\n<p>El disseny,\nimatges, r\u00e8tols, signes distintius, nom comercial, les marques, logos,\nproductes i serveis que cont\u00e9 aquesta P\u00e0gina Web es troben protegits per llei\nde Propietat Industrial.<\/p>\n\n\n\n<p>Cecot \u00e9s titular\no llicenciatari de tots els drets sobre el contingut d\u2019aquesta P\u00e0gina Web i\nposseeix leg\u00edtimament en exclusiva els drets d\u2019explotaci\u00f3 sobre els mateixos,\nexcepte aquells drets de determinats prove\u00efdors amb les quals s\u2019hagi signat el\ncorresponent contracte per a la provisi\u00f3 de continguts i estan protegits per\nles normes nacionals i internacionals de propietat intel\u00b7lectual i industrial i\nels seran aplicable, igualment, les presents condicions.<\/p>\n\n\n\n<p>L\u2019acc\u00e9s a aquesta\nP\u00e0gina Web no atorga als Usuaris dret, ni titularitat alguna sobre els drets de\npropietat intel\u00b7lectual o industrial ni dels continguts que alberga. Els Usuaris\nque accedeixin a aquesta P\u00e0gina Web no podran copiar, modificar, distribuir,\ntransmetre, reproduir, publicar, cedir ni vendre els elements anteriorment\nesmentats o crear nous productes o serveis derivats de la informaci\u00f3 obtinguda\nsense que intervingui autoritzaci\u00f3 expressa i per escrit dels titulars dels\ndrets.<\/p>\n\n\n\n<p>Queda\nterminantment prohibida l\u2019alteraci\u00f3 del contingut o estructura d\u2019aquesta P\u00e0gina\nWeb per part de l\u2019Usuari.<\/p>\n\n\n\n<p>En el cas que\nvost\u00e8 envi\u00ef informaci\u00f3 de qualsevol tipus a Cecot, declara, garanteix i accepta\nque t\u00e9 dret a fer-ho lliurement, que aquesta informaci\u00f3 no infringeix cap dret\nde propietat intel\u00b7lectual, de marca, de patent, secret comercial, o qualsevol\naltre dret de tercer, que aquesta informaci\u00f3 no t\u00e9 car\u00e0cter confidencial i que\naquesta informaci\u00f3 no \u00e9s perjudicial per a tercers.<\/p>\n\n\n\n<p>Cecot es reserva\nla possibilitat d\u2019exercir les accions judicials que corresponguin contra els\nUsuaris que violin o infringeixin els drets de propietat intel\u00b7lectual i\nindustrial.<\/p>\n\n\n\n<p><strong>Hipervincles.<\/strong><\/p>\n\n\n\n<p>La P\u00e0gina Web\npodr\u00e0 incorporar enlla\u00e7os d\u2019acc\u00e9s (hipervincles o links) a altres p\u00e0gines web\nde les quals Cecot no \u00e9s titular. En cap cas, aquesta possibilitat implicar\u00e0\nl\u2019exist\u00e8ncia de relaci\u00f3 entre Cecot i el titular de la Web a la qual aquest\nhipervincle redirigeix, ni tan sols la seva aprovaci\u00f3 o acceptaci\u00f3. Cecot\ntampoc ser\u00e0 responsable de la licitud dels continguts abocats en la mateixa.<\/p>\n\n\n\n<p>Qualsevol altra\nWeb tindr\u00e0 prohibida la incorporaci\u00f3 d\u2019un hipervincle a la P\u00e0gina Web de Cecot,\nsense la seva expressa autoritzaci\u00f3. En qualsevol cas, aquesta autoritzaci\u00f3\nimplicar\u00e0 que l\u2019hipervincle no es faci de manera que perjudiqui la imatge\np\u00fablica i de marca de Cecot o de la pr\u00f2pia P\u00e0gina Web, aix\u00ed com dels tercers\nque apareguin referenciats en aquesta.<\/p>\n\n\n\n<p>Cecot retirar\u00e0\nqualsevol enlla\u00e7 quan tingui coneixement per qualsevol mitj\u00e0 de la il\u00b7licitud\ndel seu contingut o que des dels mateixos es lesionen b\u00e9ns o drets d\u2019un tercer.<\/p>\n\n\n\n<p><strong>Pol\u00edtica de\nprivadesa de la p\u00e0gina web.<\/strong><\/p>\n\n\n\n<p>Per a m\u00e9s informaci\u00f3 sobre la nostra pol\u00edtica de protecci\u00f3 de dades i privadesa consulti la nostra\u00a0<a href=\"http:\/\/www.qualitatdemocratica.cat\/?page_id=691\">Pol\u00edtica de Privadesa<\/a>.<\/p>\n\n\n\n<p><strong>\u00das de cookies.<\/strong><\/p>\n\n\n\n<p>Per a la utilitzaci\u00f3 de la nostra P\u00e0gina Web \u00e9s necess\u00e0ria la utilitzaci\u00f3 de cookies. Les cookies s\u2019utilitzen amb la finalitat de facilitar la navegaci\u00f3 i oferir un servei personalitzat i m\u00e9s \u00e0gil, aix\u00ed com una eina estad\u00edstica per obtenir dades estad\u00edstiques de l\u2019\u00fas de la web. En cap cas s\u2019utilitzen per emmagatzemar informaci\u00f3 que pugui identificar a l\u2019Usuari. Per a m\u00e9s informaci\u00f3, consulti la nostra\u00a0<a href=\"http:\/\/www.qualitatdemocratica.cat\/?page_id=694\">Pol\u00edtica de Cookies.<\/a><\/p>\n\n\n\n<p><strong>Legislaci\u00f3\naplicable i jurisdicci\u00f3 competent.<\/strong><\/p>\n\n\n\n<p>Els termes i\ncondicions que regeixen la P\u00e0gina Web i totes les relacions que poguessin\nderivar-se es troben salvaguardades per la legislaci\u00f3 espanyola.\n\nQualsevol controv\u00e8rsia que pogu\u00e9s derivar-se de l\u2019acc\u00e9s o la utilitzaci\u00f3\nde la P\u00e0gina Web se sotmet a l\u2019exclusiva jurisdicci\u00f3 dels Jutjats i Tribunals\nde TERRASA (BARCELONA).\n\n\n\n<\/p>\n","protected":false},"excerpt":{"rendered":"<p>El present Av\u00eds Legal estableix les condicions d\u2019\u00fas de la P\u00e0gina Web&nbsp;www.qualitatdemocratica.cat&nbsp;&nbsp;(d\u2019ara endavant la P\u00e0gina Web). La utilitzaci\u00f3 de la mateixa atribueix al navegant la condici\u00f3 d\u2019Usuari, la qual cosa implica l\u2019adhesi\u00f3 i comprom\u00eds de compliment de totes i cadascuna<span class=\"ellipsis\">&hellip;<\/span><\/p>\n<div class=\"read-more\"><a href=\"https:\/\/www.qualitatdemocratica.cat\/?page_id=696\">Leer m\u00e1s \u203a<\/a><\/div>\n<p><!-- end of .read-more --><\/p>\n","protected":false},"author":1,"featured_media":0,"parent":0,"menu_order":0,"comment_status":"closed","ping_status":"closed","template":"","meta":[],"_links":{"self":[{"href":"https:\/\/www.qualitatdemocratica.cat\/index.php?rest_route=\/wp\/v2\/pages\/696"}],"collection":[{"href":"https:\/\/www.qualitatdemocratica.cat\/index.php?rest_route=\/wp\/v2\/pages"}],"about":[{"href":"https:\/\/www.qualitatdemocratica.cat\/index.php?rest_route=\/wp\/v2\/types\/page"}],"author":[{"embeddable":true,"href":"https:\/\/www.qualitatdemocratica.cat\/index.php?rest_route=\/wp\/v2\/users\/1"}],"replies":[{"embeddable":true,"href":"https:\/\/www.qualitatdemocratica.cat\/index.php?rest_route=%2Fwp%2Fv2%2Fcomments&post=696"}],"version-history":[{"count":2,"href":"https:\/\/www.qualitatdemocratica.cat\/index.php?rest_route=\/wp\/v2\/pages\/696\/revisions"}],"predecessor-version":[{"id":698,"href":"https:\/\/www.qualitatdemocratica.cat\/index.php?rest_route=\/wp\/v2\/pages\/696\/revisions\/698"}],"wp:attachment":[{"href":"https:\/\/www.qualitatdemocratica.cat\/index.php?rest_route=%2Fwp%2Fv2%2Fmedia&parent=696"}],"curies":[{"name":"wp","href":"https:\/\/api.w.org\/{rel}","templated":true}]}}