{"id":694,"date":"2019-12-17T09:06:49","date_gmt":"2019-12-17T09:06:49","guid":{"rendered":"http:\/\/www.qualitatdemocratica.cat\/?page_id=694"},"modified":"2025-09-16T14:28:15","modified_gmt":"2025-09-16T14:28:15","slug":"politica-de-cookies","status":"publish","type":"page","link":"https:\/\/www.qualitatdemocratica.cat\/?page_id=694","title":{"rendered":"Pol\u00edtica de Cookies"},"content":{"rendered":"\n<p>Abans que\ncomencis a navegar per la Web ens agradaria informar-te que utilitzem cookies\namb diferents finalitats al Web&nbsp;<a href=\"http:\/\/www.qualitatdemocratica.cat\">www.qualitatdemocratica.cat<\/a>, de tal forma que puguis\ndecidir si vols que aquestes s\u2019instal\u00b7lin en el teu equip o no.<\/p>\n\n\n\n<p>Fent clic al bot\u00f3 \u00abD&#8217;acord\u00bb atorga a <strong>QUALITAT DEMOCR\u00c0TICA <\/strong>el seu consentiment perqu\u00e8 portem a terme tot el processament descrit en la present pol\u00edtica. De forma alternativa, pot rebutjar totes les galetes fent clic al bot\u00f3 \u00abRebutjar\u00bb o definir les galetes que s&#8217;utilitzaran durant la seva navegaci\u00f3 en el bot\u00f3 \u00abConfiguraci\u00f3\u00bb. <\/p>\n\n\n\n<p><strong>QU\u00c8 S\u00d3N LES\nCOOKIES.<\/strong><\/p>\n\n\n\n<p>Les cookies s\u00f3n\npetits arxius d\u2019informaci\u00f3 que s\u2019envien i emmagatzemen en l\u2019equip des del qual\ns\u2019accedeix al Web&nbsp;<a href=\"http:\/\/www.qualitatdemocratica.cat\">www.qualitatdemocratica.cat<\/a> (PC o ordinador personal,\ntel\u00e8fon m\u00f2bil, tauleta o televisi\u00f3 connectada) facilitant l\u2019\u00fas d\u2019aquesta, per\noferir un millor servei.<\/p>\n\n\n\n<p>El Web&nbsp;<a href=\"http:\/\/www.qualitatdemocratica.cat\">www.qualitatdemocratica.cat<\/a> utilitza tant cookies\npr\u00f2pies com de tercers que ens ajuden a millorar la qualitat permetent-nos\ncomparar, recordar, controlar i entendre com naveguen els nostres usuaris a\ntrav\u00e9s del Web, identificant que \u00e9s all\u00f2 que troben \u00fatil i el que no i aix\u00ed\npoder millorar el proc\u00e9s de navegaci\u00f3.<\/p>\n\n\n\n<p>Les cookies que\nutilitza el Web no causen dany en el teu equip. \u00danicament, serveixen per\nmillorar els serveis oferts. Algunes s\u00f3n estrictament necess\u00e0ries perqu\u00e8 la\np\u00e0gina funcioni correctament (t\u00e8cniques i de personalitzaci\u00f3) i unes altres\nserveixen per millorar el rendiment i experi\u00e8ncia com a usuari (an\u00e0lisi,\npublicit\u00e0ries i de publicitat comportamental).<\/p>\n\n\n\n<p>El Web utilitza\ntant cookies de sessi\u00f3, temporals, com cookies permanents. Les cookies de\nsessi\u00f3 emmagatzemen dades mentre l\u2019usuari accedeix al Web, caduquen en tancar\nel navegador; mentre que les cookies permanents emmagatzemen les dades en el\nterminal perqu\u00e8 siguin accedides i utilitzades en m\u00e9s d\u2019una sessi\u00f3, solen\ncaducar quan transcorre un per\u00edode de temps que pot oscil\u00b7lar entre els dos\nmesos i els dos anys.<\/p>\n\n\n\n<p><strong>DESACTIVACI\u00d3 DE\nCOOKIES.&nbsp;<\/strong><\/p>\n\n\n\n<p>Tens l\u2019opci\u00f3 de\npermetre, bloquejar o eliminar les cookies instal\u00b7lades en el teu equip\nmitjan\u00e7ant la configuraci\u00f3 de les opcions del navegador instal\u00b7lat en el seu\nequip. En desactivar cookies, alguns dels serveis disponibles podrien deixar\nd\u2019estar operatius. La forma de deshabilitar les cookies \u00e9s diferent per a cada\nnavegador, per\u00f2 normalment pot fer-se des del men\u00fa Eines o Opcions. Tamb\u00e9 pot\nconsultar-se el men\u00fa d\u2019Ajuda del navegador on pots trobar instruccions.\nL\u2019usuari podr\u00e0 -a qualsevol moment- triar quines cookies vol que funcionin en\naquest lloc web mitjan\u00e7ant la configuraci\u00f3 del navegador; per exemple:\u2028<\/p>\n\n\n\n<p>\u2013&nbsp;<a href=\"http:\/\/windows.microsoft.com\/es-es\/windows-vista\/Block-or-allow-cookies\" target=\"_blank\" rel=\"noreferrer noopener\">Microsoft Internet Explorer<\/a><\/p>\n\n\n\n<p>\u2013&nbsp;<a href=\"http:\/\/support.mozilla.org\/es\/kb\/impedir-que-los-sitios-web-guarden-sus-preferencia\" target=\"_blank\" rel=\"noreferrer noopener\">Mozilla Firefox<\/a><\/p>\n\n\n\n<p>\u2013&nbsp;<a href=\"https:\/\/support.google.com\/accounts\/answer\/61416?hl=es\" target=\"_blank\" rel=\"noreferrer noopener\">Chrome<\/a><\/p>\n\n\n\n<p>\u2013&nbsp;<a href=\"http:\/\/safari.helpmax.net\/es\/privacidad-y-seguridad\/como-gestionar-las-cookies\/\" target=\"_blank\" rel=\"noreferrer noopener\">Safari<\/a><\/p>\n\n\n\n<p>\u2013&nbsp;<a href=\"https:\/\/blogs.opera.com\/news\/2015\/08\/how-to-manage-cookies-in-opera\/\" target=\"_blank\" rel=\"noreferrer noopener\">Opera<\/a><\/p>\n\n\n\n<p><strong>TIPUS DE COOKIES.<\/strong><\/p>\n\n\n\n<p>Segons la\nfinalitat per la qual es tractin les dades obtingudes a trav\u00e9s de les cookies,\nel Web pot utilitzar:<\/p>\n\n\n\n<ul>\n<li><strong>Cookies t\u00e8cniques<\/strong>: s\u00f3n aquelles que permeten a l\u2019usuari la navegaci\u00f3 a\ntrav\u00e9s d\u2019una p\u00e0gina web, plataforma o aplicaci\u00f3 i la utilitzaci\u00f3 de les\ndiferents opcions o serveis que en ella existeixin com, per exemple, controlar\nel tr\u00e0fic i la comunicaci\u00f3 de dades, identificar la sessi\u00f3, accedir a parts\nd\u2019acc\u00e9s restringit. <\/li>\n\n\n\n<li><strong>Cookies de personalitzaci\u00f3<\/strong>: s\u00f3n aquelles que permeten a\nl\u2019usuari accedir al servei amb algunes caracter\u00edstiques de car\u00e0cter general\npredefinides en funci\u00f3 d\u2019una s\u00e8rie de criteris en el terminal de l\u2019usuari com per\nexemple serien l\u2019idioma, el tipus de navegador. <\/li>\n\n\n\n<li><strong>Cookies d\u2019an\u00e0lisi<\/strong>: s\u00f3n aquelles que permeten el seguiment i an\u00e0lisi del\ncomportament dels usuaris dels llocs web als quals estan vinculades. La\ninformaci\u00f3 recollida mitjan\u00e7ant aquest tipus de cookies s\u2019utilitza en el\nmesurament de l\u2019activitat dels llocs web, aplicaci\u00f3 o plataforma i per a\nl\u2019elaboraci\u00f3 de perfils de navegaci\u00f3 dels usuaris. <\/li>\n\n\n\n<li><strong>Cookies publicit\u00e0ries<\/strong>: s\u00f3n aquelles que permeten\nla gesti\u00f3, de la forma m\u00e9s efica\u00e7 possible, dels espais publicitaris. <\/li>\n\n\n\n<li><strong>Cookies de publicitat comportamental<\/strong>: aquestes cookies\nemmagatzemen informaci\u00f3 del comportament dels usuaris obtinguda a trav\u00e9s de\nl\u2019observaci\u00f3 continuada dels seus h\u00e0bits de navegaci\u00f3, la qual cosa permet\ndesenvolupar un perfil espec\u00edfic per mostrar publicitat en funci\u00f3 del mateix.\nL\u2019usuari pot donar-se de baixa en la utilitzaci\u00f3 de les seves dades per a\npublicitat visitant&nbsp;<a href=\"http:\/\/www.youronlinechoices.com\/es\">IAB Spain<\/a>. Seguir\u00e0 rebent una altra publicitat, per\u00f2 aquesta no\nestar\u00e0 basada en els seus interessos espec\u00edfics. <\/li>\n\n\n\n<li><strong>Cookies de xarxes socials externes<\/strong>: que s\u2019utilitzen perqu\u00e8 els\nvisitants puguin interactuar amb el contingut de diferents plataformes socials\n(facebook, youtube, twitter, linkedIn, etc..) i que es generin \u00fanicament per als\nusuaris d\u2019aquestes xarxes socials. Les condicions d\u2019utilitzaci\u00f3 d\u2019aquestes\ncookies i la informaci\u00f3 recopilada es regulen per la pol\u00edtica de privadesa de\nla plataforma social corresponent.<\/li>\n<\/ul>\n\n\n\n<p>Actualment al WEB s\u2019utilitzen\nels seg\u00fcents tipus de cookies:<\/p>\n\n\n\n<figure class=\"wp-block-table\"><table><tbody><tr><td>C\u00f2okies Pr\u00f2pies<\/td><\/tr><tr><td>Cookies<\/td><td>Finalitat<\/td><td>Opt-out<\/td><\/tr><tr><td>Cookies T\u00e8cniques<\/td><td>Gestionen la correcta navegaci\u00f3 a trav\u00e9s del Web i els seus continguts, permetent identificar les sessionsd\u2019usuari i protegir el seu \u00fas.<\/td><td>N\/A<\/td><\/tr><tr><td>Cookies de Personalitzaci\u00f3<\/td><td>Permeten millorar l\u2019experi\u00e8ncia de l\u2019usuari emmagatzemant variables personalitzades com l\u2019idioma o les prefer\u00e8ncies en la navegaci\u00f3. <\/td><td>N\/A<\/td><\/tr><\/tbody><\/table><\/figure>\n\n\n\n<table class=\"wp-block-table\"><tbody><tr><td colspan=\"4\">Cookies de Tercers<br>(La informaci\u00f3 recollida a continuaci\u00f3 ha estat facilitada per aquests tercers)<\/td><\/tr><tr><td colspan=\"2\">Cookies<\/td><td>Opt-Out<\/td><td width=\"180px\">Finalitat<\/td><\/tr><tr><td>Cookies d\u2019an\u00e0lisi<\/td><td>Google Analytics_ga_gid_gat <\/td><td>https:\/\/tools.google.com\/dlpage\/gaoptout <\/td><td>El Web utilitza Google Analytics, un servei anal\u00edtic de Web prestat per Google, Inc., una companyia de Delaware l\u2019oficina principal de la qual est\u00e0 en 1600 Amphitheatre Parkway, Mountain View (Calif\u00f2rnia), CA 94043, Estats Units (\u201cGoogle\u201d). La informaci\u00f3 que genera la cookie sobre el seu \u00fas del  Web (incloent la seva adre\u00e7a IP) ser\u00e0 directament transmesa i arxivada per Google en els servidors d\u2019Estats Units. Google utilitzar\u00e0 aquesta informaci\u00f3 per compte de Cecot amb el prop\u00f2sit de seguir la pista del seu \u00fas del Web, recopilant informes d\u2019activitat i prestant altres serveis relacionats amb l\u2019activitat i l\u2019\u00fas d\u2019Internet. Google no associar\u00e0 la seva adre\u00e7a IP amb cap altra dada de que disposi Google.<\/td><\/tr><tr><td>Cookies Publicit\u00e0ries<\/td><td>Google AdWords \/ Doubleclick<\/td><td>http:\/\/www.google.com\/settings\/ads<\/td><td>Tamb\u00e9 un servei de Google. En aquest cas ens permet entendre millor el rendiment de les accions publicit\u00e0ries de Cecot a trav\u00e9s d\u2019aquesta plataforma analitzant el comportament dels usuaris que accedeixen a la web a trav\u00e9s d\u2019aquestes campanyes.<\/td><\/tr><tr><td rowspan=\"2\">Cookies de Xarxes Socials Externes<\/td><td>Facebook<\/td><td>https:\/\/www.facebook.com\/policies\/cookies\/<\/td><td>Facebook proporciona botons i altres funcionalitats perqu\u00e8 puguis compartir enlla\u00e7os al nostre web en el teu perfil. La informaci\u00f3 enviada fora de la UE a Facebook, relativa a les p\u00e0gines que has visitat o sobre les coses que t\u2019interessen, s\u00f3n utilitzades per Facebook conforme les seves pol\u00edtiques de privadesa.<\/td><\/tr><tr><td>Twitter<\/td><td>https:\/\/twitter.com\/privacy?lang=es<\/td><td>Twitter proporciona botons i altres funcionalitats perqu\u00e8 puguis compartir enlla\u00e7os al nostre web. La informaci\u00f3 enviada fora de la UE a Twitter, s\u00f3n utilitzades per Twitter conforme les seves pol\u00edtiques de privadesa.<\/td><\/tr><\/tbody><\/table>\n\n\n\n<p>Els sistemes\nd\u2019opt-out&nbsp;espec\u00edfics indicats en la taula anterior respecte de\nla&nbsp;cookie&nbsp;que es tracti (aquests sistemes poden comportar que\ns\u2019instal\u00b7li en el seu equip una&nbsp;cookie&nbsp;\u201cde rebot\u201d perqu\u00e8 funcioni la\nseva elecci\u00f3 de desactivaci\u00f3); o altres eines de tercers, disponibles on-line,\nque permeten als usuaris detectar les&nbsp;cookies a cada lloc web que visita i\ngestionar la seva desactivaci\u00f3.<\/p>\n\n\n\n<p>La Cecot no es fa responsable del contingut i veracitat de les pol\u00edtiques de privadesa dels tercers incloses en aquesta pol\u00edtica de cookies.<\/p>\n\n\n\n<p>Qualsevol dubte o q\u00fcesti\u00f3 que tingui sobre aquesta pol\u00edtica de cookies, pot contactar amb Cecot mitjan\u00e7ant l\u2019adre\u00e7a electr\u00f2nica <a href=\"mailto:rgpd@cecot.org\">rgpd@cecot.org<\/a>.<\/p>\n","protected":false},"excerpt":{"rendered":"<p>Abans que comencis a navegar per la Web ens agradaria informar-te que utilitzem cookies amb diferents finalitats al Web&nbsp;www.qualitatdemocratica.cat, de tal forma que puguis decidir si vols que aquestes s\u2019instal\u00b7lin en el teu equip o no. Fent clic al bot\u00f3<span class=\"ellipsis\">&hellip;<\/span><\/p>\n<div class=\"read-more\"><a href=\"https:\/\/www.qualitatdemocratica.cat\/?page_id=694\">Leer m\u00e1s \u203a<\/a><\/div>\n<p><!-- end of .read-more --><\/p>\n","protected":false},"author":1,"featured_media":0,"parent":0,"menu_order":0,"comment_status":"closed","ping_status":"closed","template":"","meta":[],"_links":{"self":[{"href":"https:\/\/www.qualitatdemocratica.cat\/index.php?rest_route=\/wp\/v2\/pages\/694"}],"collection":[{"href":"https:\/\/www.qualitatdemocratica.cat\/index.php?rest_route=\/wp\/v2\/pages"}],"about":[{"href":"https:\/\/www.qualitatdemocratica.cat\/index.php?rest_route=\/wp\/v2\/types\/page"}],"author":[{"embeddable":true,"href":"https:\/\/www.qualitatdemocratica.cat\/index.php?rest_route=\/wp\/v2\/users\/1"}],"replies":[{"embeddable":true,"href":"https:\/\/www.qualitatdemocratica.cat\/index.php?rest_route=%2Fwp%2Fv2%2Fcomments&post=694"}],"version-history":[{"count":3,"href":"https:\/\/www.qualitatdemocratica.cat\/index.php?rest_route=\/wp\/v2\/pages\/694\/revisions"}],"predecessor-version":[{"id":718,"href":"https:\/\/www.qualitatdemocratica.cat\/index.php?rest_route=\/wp\/v2\/pages\/694\/revisions\/718"}],"wp:attachment":[{"href":"https:\/\/www.qualitatdemocratica.cat\/index.php?rest_route=%2Fwp%2Fv2%2Fmedia&parent=694"}],"curies":[{"name":"wp","href":"https:\/\/api.w.org\/{rel}","templated":true}]}}