{"id":53,"date":"2013-11-22T08:39:16","date_gmt":"2013-11-22T08:39:16","guid":{"rendered":"http:\/\/www.qualitatdemocratica.cat\/?page_id=53"},"modified":"2013-11-27T08:35:05","modified_gmt":"2013-11-27T08:35:05","slug":"manifest-public","status":"publish","type":"page","link":"https:\/\/www.qualitatdemocratica.cat\/?page_id=53","title":{"rendered":"manifest p\u00fablic"},"content":{"rendered":"<p><b>Manifest per la qualitat de la democr\u00e0cia<\/b><\/p>\n<p>La crisi econ\u00f2mica i social actual que estem vivint en el nostre pa\u00eds, i tamb\u00e9 les anteriors, tenen la seva arrel en una crisi institucional i pol\u00edtica no resolta des de la transici\u00f3, i en s\u00f3n un reflex. La necess\u00e0ria divisi\u00f3 de poders que garanteix el bon funcionament del sistema democr\u00e0tic no ha estat suficientment preservada per la manca d\u2019una tradici\u00f3 de bon govern que faci \u00e8mfasi en l\u00b4honestedat i la transpar\u00e8ncia, aix\u00ed com en el comprom\u00eds i el consens; <strong>aquestes mancances van afeblint la nostra qualitat democr\u00e0tica i repercuteixen directament en tots els \u00e0mbits de la nostra societat<\/strong>. En definitiva, estem en mig d\u2019una crisi de confian\u00e7a, en sentit ampli, del model mateix i de la nostra capacitat de sortir-ne.<\/p>\n<p>Tota la societat hem d\u2019assumir la nostra coresponsabilitat en la situaci\u00f3 en qu\u00e8 ens trobem i hem de promoure un gran acord col\u00b7lectiu per transformar en profunditat les bases del model pol\u00edtic i institucional actual que permeti superar el desconcert que estem vivint i prevenir futures crisis innecess\u00e0ries. Recuperar la confian\u00e7a \u00e9s possible i nom\u00e9s dep\u00e8n de nosaltres i de la nostra voluntat ferma de canviar-ho.<\/p>\n<p>Sembla evident que la classe pol\u00edtica viu presonera del propi <i>statu quo<\/i> actual i es veu impotent per dur a terme, de forma decidida, les reformes necess\u00e0ries de regeneraci\u00f3 democr\u00e0tica amb el consens que aix\u00f2 requereix. Deixa aix\u00ed sense resposta una creixent voluntat popular de trobar sortides a la par\u00e0lisi actual.<\/p>\n<p>\u00c9s ben cert que la societat civil ha delegat, en exc\u00e9s i per diverses raons, part de\u00a0les seves responsabilitats de participaci\u00f3 i incid\u00e8ncia en la vida p\u00fablica. I tamb\u00e9 \u00e9s ben cert que caldria esmenar aquest fet amb urg\u00e8ncia per ajudar a trobar aquests espais de concert imprescindibles, centrats en la reforma del sistema electoral que condiciona la praxi dels partits pol\u00edtics \u00a0i, per extensi\u00f3, de la pol\u00edtica i les institucions, aix\u00ed com de la funci\u00f3 p\u00fablica.<\/p>\n<ol start=\"1\">\n<li>Una nova governan\u00e7a amb un\u00a0<strong> sistema electoral mixt i proporcional<\/strong>. Cal, d\u2019una banda, facilitar que la ciutadania pugui escollir una part dels seus representants de forma directa ponderant-ho amb l\u2019elecci\u00f3 de llistes tancades dels partits, com es produeix a Alemanya, i alhora crear el marc electoral catal\u00e0 que atengui la representaci\u00f3 proporcional assegurant la representaci\u00f3 adequada de totes les zones del territori de Catalunya per superar aix\u00ed la par\u00e0lisi partidista que patim.<\/li>\n<li>La\u00a0<strong>revisi\u00f3 o creaci\u00f3 d\u2019una nova legislaci\u00f3 dels partits pol\u00edtics que en modifiqui el funcionament i el sistema de finan\u00e7ament<\/strong>, i els faci m\u00e9s transparents,\u00a0per evitar les disfuncions que generen actualment i el malestar social.<\/li>\n<li>La\u00a0<strong>reforma de les administracions p\u00fabliques i de la funci\u00f3 p\u00fablica<\/strong>. Cal coratge col\u00b7lectiu per fer una administraci\u00f3 p\u00fablica m\u00e9s eficient i productiva, homologable en termes internacionals, que acompanyi i potenci\u00ef l\u2019activitat productiva amb una agenda de reformes valenta.<\/li>\n<li>La\u00a0<strong>Llei de transpar\u00e8ncia, amb retiment de comptes<\/strong>\u00a0o publicitat activa, pr\u00e8via auditoria externa, en tr\u00e0mit actualment en el Congr\u00e9s. Cal millorar-la vinculant-la m\u00e9s directament als drets fonamentals.<\/li>\n<li>La\u00a0<strong>reforma de la just\u00edcia<\/strong>. Cal replantejar-ne el funcionament perqu\u00e8 recuperi la independ\u00e8ncia i l\u2019agilitat imprescindibles \u00a0que donin seguretat al m\u00f3n de l\u2019economia i a la ciutadania.<\/li>\n<\/ol>\n<p>Darrerament, moltes veus s\u2019han aixecat en el mateix sentit, per\u00f2 cal fer un esfor\u00e7 de trobada i posar en com\u00fa una estrat\u00e8gia per assolir aquesta transformaci\u00f3 institucional imprescindible. Per tant, es convida totes les entitats del pa\u00eds que comparteixin aquesta inquietud a debatre aquestes propostes i avan\u00e7ar en una estrat\u00e8gia unit\u00e0ria amb una agenda compartida.<\/p>\n<p><a href=\"http:\/\/www.qualitatdemocratica.cat\/wp-content\/uploads\/2013\/11\/Manifest_FINAL.pdf\">Acc\u00e9s al Manifest en versi\u00f3 pdf<\/a><\/p>\n","protected":false},"excerpt":{"rendered":"<p>Manifest per la qualitat de la democr\u00e0cia La crisi econ\u00f2mica i social actual que estem vivint en el nostre pa\u00eds, i tamb\u00e9 les anteriors, tenen la seva arrel en una crisi institucional i pol\u00edtica no resolta des de la transici\u00f3,<span class=\"ellipsis\">&hellip;<\/span><\/p>\n<div class=\"read-more\"><a href=\"https:\/\/www.qualitatdemocratica.cat\/?page_id=53\">Leer m\u00e1s \u203a<\/a><\/div>\n<p><!-- end of .read-more --><\/p>\n","protected":false},"author":1,"featured_media":0,"parent":0,"menu_order":0,"comment_status":"closed","ping_status":"closed","template":"full-width-page.php","meta":[],"_links":{"self":[{"href":"https:\/\/www.qualitatdemocratica.cat\/index.php?rest_route=\/wp\/v2\/pages\/53"}],"collection":[{"href":"https:\/\/www.qualitatdemocratica.cat\/index.php?rest_route=\/wp\/v2\/pages"}],"about":[{"href":"https:\/\/www.qualitatdemocratica.cat\/index.php?rest_route=\/wp\/v2\/types\/page"}],"author":[{"embeddable":true,"href":"https:\/\/www.qualitatdemocratica.cat\/index.php?rest_route=\/wp\/v2\/users\/1"}],"replies":[{"embeddable":true,"href":"https:\/\/www.qualitatdemocratica.cat\/index.php?rest_route=%2Fwp%2Fv2%2Fcomments&post=53"}],"version-history":[{"count":5,"href":"https:\/\/www.qualitatdemocratica.cat\/index.php?rest_route=\/wp\/v2\/pages\/53\/revisions"}],"predecessor-version":[{"id":96,"href":"https:\/\/www.qualitatdemocratica.cat\/index.php?rest_route=\/wp\/v2\/pages\/53\/revisions\/96"}],"wp:attachment":[{"href":"https:\/\/www.qualitatdemocratica.cat\/index.php?rest_route=%2Fwp%2Fv2%2Fmedia&parent=53"}],"curies":[{"name":"wp","href":"https:\/\/api.w.org\/{rel}","templated":true}]}}