{"id":36,"date":"2013-11-20T10:53:55","date_gmt":"2013-11-20T10:53:55","guid":{"rendered":"http:\/\/www.qualitatdemocratica.cat\/?page_id=36"},"modified":"2019-12-17T10:42:01","modified_gmt":"2019-12-17T10:42:01","slug":"adhesio-al-minifest","status":"publish","type":"page","link":"https:\/\/www.qualitatdemocratica.cat\/?page_id=36","title":{"rendered":"adhesi\u00f3 al manifest"},"content":{"rendered":"<p>Empleneu el formulari per enviar la petici\u00f3 d&#8217;adhesi\u00f3 de la vostra entitat. Us respondrem aviat.<\/p>\n<p>[bestwebsoft_contact_form]<br \/>\n<em>*Abans d\u2019acceptar, ha de llegir la informaci\u00f3 b\u00e0sica sobre protecci\u00f3 de dades que es presenta al peu del seg\u00fcent formulari.<\/em><\/p>\n","protected":false},"excerpt":{"rendered":"<p>Empleneu el formulari per enviar la petici\u00f3 d&#8217;adhesi\u00f3 de la vostra entitat. Us respondrem aviat. [bestwebsoft_contact_form] *Abans d\u2019acceptar, ha de llegir la informaci\u00f3 b\u00e0sica sobre protecci\u00f3 de dades que es presenta al peu del seg\u00fcent formulari.<\/p>\n","protected":false},"author":1,"featured_media":0,"parent":0,"menu_order":1,"comment_status":"closed","ping_status":"closed","template":"full-width-page.php","meta":{"footnotes":""},"class_list":["post-36","page","type-page","status-publish","hentry"],"_links":{"self":[{"href":"https:\/\/www.qualitatdemocratica.cat\/index.php?rest_route=\/wp\/v2\/pages\/36","targetHints":{"allow":["GET"]}}],"collection":[{"href":"https:\/\/www.qualitatdemocratica.cat\/index.php?rest_route=\/wp\/v2\/pages"}],"about":[{"href":"https:\/\/www.qualitatdemocratica.cat\/index.php?rest_route=\/wp\/v2\/types\/page"}],"author":[{"embeddable":true,"href":"https:\/\/www.qualitatdemocratica.cat\/index.php?rest_route=\/wp\/v2\/users\/1"}],"replies":[{"embeddable":true,"href":"https:\/\/www.qualitatdemocratica.cat\/index.php?rest_route=%2Fwp%2Fv2%2Fcomments&post=36"}],"version-history":[{"count":8,"href":"https:\/\/www.qualitatdemocratica.cat\/index.php?rest_route=\/wp\/v2\/pages\/36\/revisions"}],"predecessor-version":[{"id":703,"href":"https:\/\/www.qualitatdemocratica.cat\/index.php?rest_route=\/wp\/v2\/pages\/36\/revisions\/703"}],"wp:attachment":[{"href":"https:\/\/www.qualitatdemocratica.cat\/index.php?rest_route=%2Fwp%2Fv2%2Fmedia&parent=36"}],"curies":[{"name":"wp","href":"https:\/\/api.w.org\/{rel}","templated":true}]}}